{"id":1381,"date":"2022-04-28T19:21:26","date_gmt":"2022-04-28T19:21:26","guid":{"rendered":"https:\/\/pharmanais.com\/sr\/essentially-farming\/"},"modified":"2022-12-22T12:35:20","modified_gmt":"2022-12-22T12:35:20","slug":"o-nama","status":"publish","type":"page","link":"https:\/\/pharmanais.com\/sr\/o-nama\/","title":{"rendered":"O nama"},"content":{"rendered":"\t\t<div data-elementor-type=\"wp-page\" data-elementor-id=\"1381\" class=\"elementor elementor-1381\">\n\t\t\t\t\t\t\t\t\t<section class=\"elementor-section elementor-top-section elementor-element elementor-element-59b910ee elementor-section-boxed elementor-section-height-default elementor-section-height-default\" data-id=\"59b910ee\" data-element_type=\"section\">\n\t\t\t\t\t\t<div class=\"elementor-container elementor-column-gap-default\">\n\t\t\t\t\t<div class=\"elementor-column elementor-col-100 elementor-top-column elementor-element elementor-element-2adb64fd\" data-id=\"2adb64fd\" data-element_type=\"column\">\n\t\t\t<div class=\"elementor-widget-wrap elementor-element-populated\">\n\t\t\t\t\t\t\t\t<section class=\"elementor-section elementor-inner-section elementor-element elementor-element-6e40b1b1 elementor-section-boxed elementor-section-height-default elementor-section-height-default\" data-id=\"6e40b1b1\" data-element_type=\"section\">\n\t\t\t\t\t\t<div class=\"elementor-container elementor-column-gap-default\">\n\t\t\t\t\t<div class=\"elementor-column elementor-col-50 elementor-inner-column elementor-element elementor-element-61d3065b\" data-id=\"61d3065b\" data-element_type=\"column\">\n\t\t\t<div class=\"elementor-widget-wrap elementor-element-populated\">\n\t\t\t\t\t\t\t\t<div class=\"elementor-element elementor-element-4a58e285 elementor-widget elementor-widget-image\" data-id=\"4a58e285\" data-element_type=\"widget\" data-widget_type=\"image.default\">\n\t\t\t\t<div class=\"elementor-widget-container\">\n\t\t\t<style>\/*! elementor - v3.6.5 - 27-04-2022 *\/\n.elementor-widget-image{text-align:center}.elementor-widget-image a{display:inline-block}.elementor-widget-image a img[src$=\".svg\"]{width:48px}.elementor-widget-image img{vertical-align:middle;display:inline-block}<\/style>\t\t\t\t\t\t\t\t\t\t\t\t\t<a href=\"https:\/\/pharmanais.com\/sr\/\">\n\t\t\t\t\t\t\t<img loading=\"lazy\" decoding=\"async\" width=\"350\" height=\"88\" src=\"https:\/\/pharmanais.com\/wp-content\/uploads\/2022\/04\/logo-pharmanais.png\" class=\"attachment-full size-full\" alt=\"\" srcset=\"https:\/\/pharmanais.com\/wp-content\/uploads\/2022\/04\/logo-pharmanais.png 350w, https:\/\/pharmanais.com\/wp-content\/uploads\/2022\/04\/logo-pharmanais-300x75.png 300w\" sizes=\"auto, (max-width: 350px) 100vw, 350px\" \/>\t\t\t\t\t\t\t\t<\/a>\n\t\t\t\t\t\t\t\t\t\t\t\t\t\t\t<\/div>\n\t\t\t\t<\/div>\n\t\t\t\t\t<\/div>\n\t\t<\/div>\n\t\t\t\t<div class=\"elementor-column elementor-col-50 elementor-inner-column elementor-element elementor-element-76619d9c\" data-id=\"76619d9c\" data-element_type=\"column\">\n\t\t\t<div class=\"elementor-widget-wrap elementor-element-populated\">\n\t\t\t\t\t\t\t\t<div class=\"elementor-element elementor-element-4d5991ba elementor-widget__width-inherit elementor-widget elementor-widget-ekit-nav-menu\" data-id=\"4d5991ba\" data-element_type=\"widget\" data-widget_type=\"ekit-nav-menu.default\">\n\t\t\t\t<div class=\"elementor-widget-container\">\n\t\t\t<div class=\"ekit-wid-con ekit_menu_responsive_tablet\" data-hamburger-icon=\"\" data-hamburger-icon-type=\"icon\" data-responsive-breakpoint=\"1024\">            <button class=\"elementskit-menu-hamburger elementskit-menu-toggler\">\n                                    <span class=\"elementskit-menu-hamburger-icon\"><\/span><span class=\"elementskit-menu-hamburger-icon\"><\/span><span class=\"elementskit-menu-hamburger-icon\"><\/span>\n                            <\/button>\n            <div id=\"ekit-megamenu-main-menu-neg\" class=\"elementskit-menu-container elementskit-menu-offcanvas-elements elementskit-navbar-nav-default elementskit_line_arrow ekit-nav-menu-one-page-no ekit-nav-dropdown-hover\"><ul id=\"menu-glavni-menu-srb\" class=\"elementskit-navbar-nav elementskit-menu-po-right submenu-click-on-icon\"><li id=\"menu-item-1405\" class=\"menu-item menu-item-type-custom menu-item-object-custom menu-item-has-children menu-item-1405 nav-item elementskit-dropdown-has relative_position elementskit-dropdown-menu-default_width elementskit-mobile-builder-content\" data-vertical-menu=750px><a href=\"#\" class=\"ekit-menu-nav-link ekit-menu-dropdown-toggle\">Proizvodi<i class=\"icon icon-down-arrow1 elementskit-submenu-indicator\"><\/i><\/a>\n<ul class=\"elementskit-dropdown elementskit-submenu-panel\">\n\t<li id=\"menu-item-1401\" class=\"menu-item menu-item-type-post_type menu-item-object-page menu-item-1401 nav-item elementskit-mobile-builder-content\" data-vertical-menu=750px><a href=\"https:\/\/pharmanais.com\/sr\/etericna-ulja\/\" class=\" dropdown-item\">Eteri\u010dna ulja<\/a>\t<li id=\"menu-item-1402\" class=\"menu-item menu-item-type-post_type menu-item-object-page menu-item-1402 nav-item elementskit-mobile-builder-content\" data-vertical-menu=750px><a href=\"https:\/\/pharmanais.com\/sr\/hidrolati\/\" class=\" dropdown-item\">Hidrolati (cvetne vodice)<\/a>\t<li id=\"menu-item-1398\" class=\"menu-item menu-item-type-post_type menu-item-object-page menu-item-1398 nav-item elementskit-mobile-builder-content\" data-vertical-menu=750px><a href=\"https:\/\/pharmanais.com\/sr\/biljna-ulja-puteri-i-voskovi\/\" class=\" dropdown-item\">Biljna ulja, puteri i voskovi<\/a>\t<li id=\"menu-item-1399\" class=\"menu-item menu-item-type-post_type menu-item-object-page menu-item-1399 nav-item elementskit-mobile-builder-content\" data-vertical-menu=750px><a href=\"https:\/\/pharmanais.com\/sr\/ekstrakti-biljaka\/\" class=\" dropdown-item\">Ekstrakti biljaka<\/a><\/ul>\n<\/li>\n<li id=\"menu-item-1400\" class=\"menu-item menu-item-type-post_type menu-item-object-page menu-item-1400 nav-item elementskit-mobile-builder-content\" data-vertical-menu=750px><a href=\"https:\/\/pharmanais.com\/sr\/o-nama\/\" class=\"ekit-menu-nav-link\">O nama<\/a><\/li>\n<li id=\"menu-item-1404\" class=\"menu-item menu-item-type-post_type menu-item-object-page menu-item-1404 nav-item elementskit-mobile-builder-content\" data-vertical-menu=750px><a href=\"https:\/\/pharmanais.com\/sr\/kvalitet\/\" class=\"ekit-menu-nav-link\">Kvalitet<\/a><\/li>\n<li id=\"menu-item-1403\" class=\"menu-item menu-item-type-post_type menu-item-object-page menu-item-1403 nav-item elementskit-mobile-builder-content\" data-vertical-menu=750px><a href=\"https:\/\/pharmanais.com\/sr\/kontakt\/\" class=\"ekit-menu-nav-link\">Kontakt<\/a><\/li>\n<li class=\"menu-item menu-item-language menu-item-language-current menu-item-has-children\"><a href=\"#\" onclick=\"return false\"><img loading=\"lazy\" decoding=\"async\" class=\"iclflag\" src=\"https:\/\/pharmanais.com\/wp-content\/plugins\/sitepress-multilingual-cms\/res\/flags\/sr.png\" width=\"18\" height=\"12\" alt=\"sr\" title=\"SRB\" \/>SRB<\/a><\/li><li class=\"menu-item menu-item-language\"><a href=\"https:\/\/pharmanais.com\/\"><img loading=\"lazy\" decoding=\"async\" class=\"iclflag\" src=\"https:\/\/pharmanais.com\/wp-content\/plugins\/sitepress-multilingual-cms\/res\/flags\/en.png\" width=\"18\" height=\"12\" alt=\"en\" title=\"ENG\" \/>ENG<\/a><\/li><\/ul>\n\t\t\t\t<div class=\"elementskit-nav-identity-panel\">\n\t\t\t\t\t<div class=\"elementskit-site-title\">\n\t\t\t\t\t\t<a class=\"elementskit-nav-logo\" href=\"https:\/\/pharmanais.com\/sr\" target=\"_self\" rel=\"\">\n                            <img decoding=\"async\" src=\"\" title=\"\" alt=\"\" \/>\n\t\t\t\t\t\t<\/a> \n\t\t\t\t\t<\/div>\n\t\t\t\t\t<button class=\"elementskit-menu-close elementskit-menu-toggler\" type=\"button\">X<\/button>\n\t\t\t\t<\/div>\n\t\t\t<\/div><div class=\"elementskit-menu-overlay elementskit-menu-offcanvas-elements elementskit-menu-toggler ekit-nav-menu--overlay\"><\/div><\/div>\t\t<\/div>\n\t\t\t\t<\/div>\n\t\t\t\t\t<\/div>\n\t\t<\/div>\n\t\t\t\t\t\t\t<\/div>\n\t\t<\/section>\n\t\t\t\t\t<\/div>\n\t\t<\/div>\n\t\t\t\t\t\t\t<\/div>\n\t\t<\/section>\n\t\t\t\t<section class=\"elementor-section elementor-top-section elementor-element elementor-element-13715516 elementor-section-height-min-height elementor-section-content-top elementor-section-boxed elementor-section-height-default elementor-section-items-middle\" data-id=\"13715516\" data-element_type=\"section\" data-settings=\"{&quot;background_background&quot;:&quot;classic&quot;}\">\n\t\t\t\t\t\t<div class=\"elementor-container elementor-column-gap-no\">\n\t\t\t\t\t<div class=\"elementor-column elementor-col-100 elementor-top-column elementor-element elementor-element-7abf5fc2\" data-id=\"7abf5fc2\" data-element_type=\"column\">\n\t\t\t<div class=\"elementor-widget-wrap elementor-element-populated\">\n\t\t\t\t\t\t\t\t<div class=\"elementor-element elementor-element-4c0f15fb elementor-widget elementor-widget-heading\" data-id=\"4c0f15fb\" data-element_type=\"widget\" data-widget_type=\"heading.default\">\n\t\t\t\t<div class=\"elementor-widget-container\">\n\t\t\t<style>\/*! elementor - v3.6.5 - 27-04-2022 *\/\n.elementor-heading-title{padding:0;margin:0;line-height:1}.elementor-widget-heading .elementor-heading-title[class*=elementor-size-]>a{color:inherit;font-size:inherit;line-height:inherit}.elementor-widget-heading .elementor-heading-title.elementor-size-small{font-size:15px}.elementor-widget-heading .elementor-heading-title.elementor-size-medium{font-size:19px}.elementor-widget-heading .elementor-heading-title.elementor-size-large{font-size:29px}.elementor-widget-heading .elementor-heading-title.elementor-size-xl{font-size:39px}.elementor-widget-heading .elementor-heading-title.elementor-size-xxl{font-size:59px}<\/style><h1 class=\"elementor-heading-title elementor-size-default\">O nama<\/h1>\t\t<\/div>\n\t\t\t\t<\/div>\n\t\t\t\t\t<\/div>\n\t\t<\/div>\n\t\t\t\t\t\t\t<\/div>\n\t\t<\/section>\n\t\t\t\t<section class=\"elementor-section elementor-top-section elementor-element elementor-element-123b1e6 elementor-section-boxed elementor-section-height-default elementor-section-height-default\" data-id=\"123b1e6\" data-element_type=\"section\">\n\t\t\t\t\t\t<div class=\"elementor-container elementor-column-gap-default\">\n\t\t\t\t\t<div class=\"elementor-column elementor-col-100 elementor-top-column elementor-element elementor-element-83c601f\" data-id=\"83c601f\" data-element_type=\"column\">\n\t\t\t<div class=\"elementor-widget-wrap elementor-element-populated\">\n\t\t\t\t\t\t\t\t<div class=\"elementor-element elementor-element-fb30b7e elementor-widget elementor-widget-text-editor\" data-id=\"fb30b7e\" data-element_type=\"widget\" data-widget_type=\"text-editor.default\">\n\t\t\t\t<div class=\"elementor-widget-container\">\n\t\t\t<style>\/*! elementor - v3.6.5 - 27-04-2022 *\/\n.elementor-widget-text-editor.elementor-drop-cap-view-stacked .elementor-drop-cap{background-color:#818a91;color:#fff}.elementor-widget-text-editor.elementor-drop-cap-view-framed .elementor-drop-cap{color:#818a91;border:3px solid;background-color:transparent}.elementor-widget-text-editor:not(.elementor-drop-cap-view-default) .elementor-drop-cap{margin-top:8px}.elementor-widget-text-editor:not(.elementor-drop-cap-view-default) .elementor-drop-cap-letter{width:1em;height:1em}.elementor-widget-text-editor .elementor-drop-cap{float:left;text-align:center;line-height:1;font-size:50px}.elementor-widget-text-editor .elementor-drop-cap-letter{display:inline-block}<\/style>\t\t\t\t<p>Pharmanais je porodi\u010dna kompanija koja proizvodi i uvozi eteri\u010dna ulja i druge prirodne supstance. Sa porodi\u010dnom tradicijom dugom tri generacije mi smo usmereni u budu\u0107nost.<\/p><p>Bilo da se radi o na\u0161em predstavni\u0161tvu i logisti\u010dkom centru u Ni\u0161u ili na\u0161oj destileriji u Babu\u0161nici, sledimo savremene standarde na\u0161e industrije, gde na putu napretka ljude stavljamo na prvo mesto.<\/p><p>Na\u0161a kolekcija od preko 100 razli\u010ditih eteri\u010dnih ulja dolaze iz svih krajeva sveta. Od na\u0161e doma\u0107e destilerije na obodu Srbije, do obronaka Himalaja, ravnica Australije, prostranstva Indije, d\u017eungle Madagaskara, citrusnih vo\u0107njaka Sicilije, mirisnih polja ju\u017ene Francuske, obala reke Nil i pra\u0161uma Latinske Amerike radnici se svim srcem trude da vam donesu esenciju svojih krajeva.<\/p>\t\t\t\t\t\t<\/div>\n\t\t\t\t<\/div>\n\t\t\t\t\t<\/div>\n\t\t<\/div>\n\t\t\t\t\t\t\t<\/div>\n\t\t<\/section>\n\t\t\t\t<section class=\"elementor-section elementor-top-section elementor-element elementor-element-438a281 elementor-section-boxed elementor-section-height-default elementor-section-height-default\" data-id=\"438a281\" data-element_type=\"section\">\n\t\t\t\t\t\t<div class=\"elementor-container elementor-column-gap-default\">\n\t\t\t\t\t<div class=\"elementor-column elementor-col-50 elementor-top-column elementor-element elementor-element-0b9d67f\" data-id=\"0b9d67f\" data-element_type=\"column\">\n\t\t\t<div class=\"elementor-widget-wrap elementor-element-populated\">\n\t\t\t\t\t\t\t\t<div class=\"elementor-element elementor-element-fdb3b16 elementor-widget elementor-widget-image\" data-id=\"fdb3b16\" data-element_type=\"widget\" data-widget_type=\"image.default\">\n\t\t\t\t<div class=\"elementor-widget-container\">\n\t\t\t\t\t\t\t\t\t\t\t\t\t\t\t<img loading=\"lazy\" decoding=\"async\" width=\"800\" height=\"533\" src=\"https:\/\/pharmanais.com\/wp-content\/uploads\/2022\/11\/4-1024x682.jpg\" class=\"attachment-large size-large\" alt=\"\" srcset=\"https:\/\/pharmanais.com\/wp-content\/uploads\/2022\/11\/4-1024x682.jpg 1024w, https:\/\/pharmanais.com\/wp-content\/uploads\/2022\/11\/4-300x200.jpg 300w, https:\/\/pharmanais.com\/wp-content\/uploads\/2022\/11\/4-768x512.jpg 768w, https:\/\/pharmanais.com\/wp-content\/uploads\/2022\/11\/4.jpg 1280w\" sizes=\"auto, (max-width: 800px) 100vw, 800px\" \/>\t\t\t\t\t\t\t\t\t\t\t\t\t\t\t<\/div>\n\t\t\t\t<\/div>\n\t\t\t\t\t<\/div>\n\t\t<\/div>\n\t\t\t\t<div class=\"elementor-column elementor-col-50 elementor-top-column elementor-element elementor-element-cbc4607\" data-id=\"cbc4607\" data-element_type=\"column\">\n\t\t\t<div class=\"elementor-widget-wrap elementor-element-populated\">\n\t\t\t\t\t\t\t\t<div class=\"elementor-element elementor-element-afcc573 elementor-widget elementor-widget-image\" data-id=\"afcc573\" data-element_type=\"widget\" data-widget_type=\"image.default\">\n\t\t\t\t<div class=\"elementor-widget-container\">\n\t\t\t\t\t\t\t\t\t\t\t\t\t\t\t<img loading=\"lazy\" decoding=\"async\" width=\"800\" height=\"533\" src=\"https:\/\/pharmanais.com\/wp-content\/uploads\/2022\/11\/5-1024x682.jpg\" class=\"attachment-large size-large\" alt=\"\" srcset=\"https:\/\/pharmanais.com\/wp-content\/uploads\/2022\/11\/5-1024x682.jpg 1024w, https:\/\/pharmanais.com\/wp-content\/uploads\/2022\/11\/5-300x200.jpg 300w, https:\/\/pharmanais.com\/wp-content\/uploads\/2022\/11\/5-768x512.jpg 768w, https:\/\/pharmanais.com\/wp-content\/uploads\/2022\/11\/5.jpg 1280w\" sizes=\"auto, (max-width: 800px) 100vw, 800px\" \/>\t\t\t\t\t\t\t\t\t\t\t\t\t\t\t<\/div>\n\t\t\t\t<\/div>\n\t\t\t\t\t<\/div>\n\t\t<\/div>\n\t\t\t\t\t\t\t<\/div>\n\t\t<\/section>\n\t\t\t\t<section class=\"elementor-section elementor-top-section elementor-element elementor-element-14e4e10 elementor-section-boxed elementor-section-height-default elementor-section-height-default\" data-id=\"14e4e10\" data-element_type=\"section\">\n\t\t\t\t\t\t<div class=\"elementor-container elementor-column-gap-default\">\n\t\t\t\t\t<div class=\"elementor-column elementor-col-50 elementor-top-column elementor-element elementor-element-65375a9\" data-id=\"65375a9\" data-element_type=\"column\">\n\t\t\t<div class=\"elementor-widget-wrap elementor-element-populated\">\n\t\t\t\t\t\t\t\t<div class=\"elementor-element elementor-element-db2e615 elementor-widget elementor-widget-image\" data-id=\"db2e615\" data-element_type=\"widget\" data-widget_type=\"image.default\">\n\t\t\t\t<div class=\"elementor-widget-container\">\n\t\t\t\t\t\t\t\t\t\t\t\t\t\t\t<img loading=\"lazy\" decoding=\"async\" width=\"800\" height=\"533\" src=\"https:\/\/pharmanais.com\/wp-content\/uploads\/2022\/11\/3-3-1024x682.jpg\" class=\"attachment-large size-large\" alt=\"\" srcset=\"https:\/\/pharmanais.com\/wp-content\/uploads\/2022\/11\/3-3-1024x682.jpg 1024w, https:\/\/pharmanais.com\/wp-content\/uploads\/2022\/11\/3-3-300x200.jpg 300w, https:\/\/pharmanais.com\/wp-content\/uploads\/2022\/11\/3-3-768x512.jpg 768w, https:\/\/pharmanais.com\/wp-content\/uploads\/2022\/11\/3-3.jpg 1280w\" sizes=\"auto, (max-width: 800px) 100vw, 800px\" \/>\t\t\t\t\t\t\t\t\t\t\t\t\t\t\t<\/div>\n\t\t\t\t<\/div>\n\t\t\t\t\t<\/div>\n\t\t<\/div>\n\t\t\t\t<div class=\"elementor-column elementor-col-50 elementor-top-column elementor-element elementor-element-e4e9deb\" data-id=\"e4e9deb\" data-element_type=\"column\">\n\t\t\t<div class=\"elementor-widget-wrap elementor-element-populated\">\n\t\t\t\t\t\t\t\t<div class=\"elementor-element elementor-element-aab40d2 elementor-widget elementor-widget-image\" data-id=\"aab40d2\" data-element_type=\"widget\" data-widget_type=\"image.default\">\n\t\t\t\t<div class=\"elementor-widget-container\">\n\t\t\t\t\t\t\t\t\t\t\t\t\t\t\t<img loading=\"lazy\" decoding=\"async\" width=\"800\" height=\"533\" src=\"https:\/\/pharmanais.com\/wp-content\/uploads\/2022\/11\/2-1-1024x682.jpg\" class=\"attachment-large size-large\" alt=\"\" srcset=\"https:\/\/pharmanais.com\/wp-content\/uploads\/2022\/11\/2-1-1024x682.jpg 1024w, https:\/\/pharmanais.com\/wp-content\/uploads\/2022\/11\/2-1-300x200.jpg 300w, https:\/\/pharmanais.com\/wp-content\/uploads\/2022\/11\/2-1-768x512.jpg 768w, https:\/\/pharmanais.com\/wp-content\/uploads\/2022\/11\/2-1.jpg 1280w\" sizes=\"auto, (max-width: 800px) 100vw, 800px\" \/>\t\t\t\t\t\t\t\t\t\t\t\t\t\t\t<\/div>\n\t\t\t\t<\/div>\n\t\t\t\t\t<\/div>\n\t\t<\/div>\n\t\t\t\t\t\t\t<\/div>\n\t\t<\/section>\n\t\t\t\t<section class=\"elementor-section elementor-top-section elementor-element elementor-element-9b91ca3 elementor-section-boxed elementor-section-height-default elementor-section-height-default\" data-id=\"9b91ca3\" data-element_type=\"section\" data-settings=\"{&quot;background_background&quot;:&quot;classic&quot;}\">\n\t\t\t\t\t\t<div class=\"elementor-container elementor-column-gap-default\">\n\t\t\t\t\t<div class=\"elementor-column elementor-col-33 elementor-top-column elementor-element elementor-element-d32c36f\" data-id=\"d32c36f\" data-element_type=\"column\">\n\t\t\t<div class=\"elementor-widget-wrap elementor-element-populated\">\n\t\t\t\t\t\t\t\t<div class=\"elementor-element elementor-element-88d8b18 elementor-widget elementor-widget-heading\" data-id=\"88d8b18\" data-element_type=\"widget\" data-widget_type=\"heading.default\">\n\t\t\t\t<div class=\"elementor-widget-container\">\n\t\t\t<h4 class=\"elementor-heading-title elementor-size-medium\"><a href=\"https:\/\/pharmanais.com\/sr\/etericna-ulja\/\">Eteri\u010dna ulja<\/a><\/h4>\t\t<\/div>\n\t\t\t\t<\/div>\n\t\t\t\t<div class=\"elementor-element elementor-element-d5a9e91 elementor-widget elementor-widget-heading\" data-id=\"d5a9e91\" data-element_type=\"widget\" data-widget_type=\"heading.default\">\n\t\t\t\t<div class=\"elementor-widget-container\">\n\t\t\t<h4 class=\"elementor-heading-title elementor-size-medium\"><a href=\"https:\/\/pharmanais.com\/sr\/hidrolati\/\">Hidrolati<\/a><\/h4>\t\t<\/div>\n\t\t\t\t<\/div>\n\t\t\t\t<div class=\"elementor-element elementor-element-bee9e5c elementor-widget elementor-widget-heading\" data-id=\"bee9e5c\" data-element_type=\"widget\" data-widget_type=\"heading.default\">\n\t\t\t\t<div class=\"elementor-widget-container\">\n\t\t\t<h4 class=\"elementor-heading-title elementor-size-medium\"><a href=\"https:\/\/pharmanais.com\/sr\/biljna-ulja\/\">Biljna ulja, puteri i voskovi\u200b<\/a><\/h4>\t\t<\/div>\n\t\t\t\t<\/div>\n\t\t\t\t<div class=\"elementor-element elementor-element-2dff808 elementor-widget elementor-widget-heading\" data-id=\"2dff808\" data-element_type=\"widget\" data-widget_type=\"heading.default\">\n\t\t\t\t<div class=\"elementor-widget-container\">\n\t\t\t<h4 class=\"elementor-heading-title elementor-size-medium\"><a href=\"https:\/\/pharmanais.com\/sr\/ekstrakti-biljaka\/\">Ekstrakti biljaka<\/a><\/h4>\t\t<\/div>\n\t\t\t\t<\/div>\n\t\t\t\t<div class=\"elementor-element elementor-element-bdc9045 elementor-widget elementor-widget-heading\" data-id=\"bdc9045\" data-element_type=\"widget\" data-widget_type=\"heading.default\">\n\t\t\t\t<div class=\"elementor-widget-container\">\n\t\t\t<h4 class=\"elementor-heading-title elementor-size-medium\"><a href=\"https:\/\/pharmanais.com\/sr\/kvalitet\/\">Kvalitet<\/a><\/h4>\t\t<\/div>\n\t\t\t\t<\/div>\n\t\t\t\t<div class=\"elementor-element elementor-element-9a40441 elementor-widget elementor-widget-heading\" data-id=\"9a40441\" data-element_type=\"widget\" data-widget_type=\"heading.default\">\n\t\t\t\t<div class=\"elementor-widget-container\">\n\t\t\t<h4 class=\"elementor-heading-title elementor-size-medium\"><a href=\"https:\/\/pharmanais.com\/sr\/contact\/\">Kontakt<\/a><\/h4>\t\t<\/div>\n\t\t\t\t<\/div>\n\t\t\t\t\t<\/div>\n\t\t<\/div>\n\t\t\t\t<div class=\"elementor-column elementor-col-33 elementor-top-column elementor-element elementor-element-edf2919\" data-id=\"edf2919\" data-element_type=\"column\">\n\t\t\t<div class=\"elementor-widget-wrap elementor-element-populated\">\n\t\t\t\t\t\t\t\t<div class=\"elementor-element elementor-element-7a07ae1 elementor-widget elementor-widget-spacer\" data-id=\"7a07ae1\" data-element_type=\"widget\" data-widget_type=\"spacer.default\">\n\t\t\t\t<div class=\"elementor-widget-container\">\n\t\t\t<style>\/*! elementor - v3.6.5 - 27-04-2022 *\/\n.e-container.e-container--row .elementor-spacer-inner{width:var(--spacer-size)}.e-container.e-container--column .elementor-spacer-inner,.elementor-column .elementor-spacer-inner{height:var(--spacer-size)}<\/style>\t\t<div class=\"elementor-spacer\">\n\t\t\t<div class=\"elementor-spacer-inner\"><\/div>\n\t\t<\/div>\n\t\t\t\t<\/div>\n\t\t\t\t<\/div>\n\t\t\t\t\t<\/div>\n\t\t<\/div>\n\t\t\t\t<div class=\"elementor-column elementor-col-33 elementor-top-column elementor-element elementor-element-1438990\" data-id=\"1438990\" data-element_type=\"column\">\n\t\t\t<div class=\"elementor-widget-wrap elementor-element-populated\">\n\t\t\t\t\t\t\t\t<div class=\"elementor-element elementor-element-b835bfa elementor-widget elementor-widget-heading\" data-id=\"b835bfa\" data-element_type=\"widget\" data-widget_type=\"heading.default\">\n\t\t\t\t<div class=\"elementor-widget-container\">\n\t\t\t<h4 class=\"elementor-heading-title elementor-size-medium\"><a href=\"https:\/\/pharmanais.com\/essential-oils\/\">Kontakt<\/a><\/h4>\t\t<\/div>\n\t\t\t\t<\/div>\n\t\t\t\t<div class=\"elementor-element elementor-element-130b357 elementor-widget elementor-widget-text-editor\" data-id=\"130b357\" data-element_type=\"widget\" data-widget_type=\"text-editor.default\">\n\t\t\t\t<div class=\"elementor-widget-container\">\n\t\t\t\t\t\t\t<p>Pharmanais doo<br \/>29 Novembar br 1<br \/>18 330 Babu\u0161nica<\/p><p>Vase \u010carapi\u0107a 84<br \/>18 000 Ni\u0161<br \/>Tel: +381 18 594 449<br \/>Mobilni: +381 64 2773 578<br \/>Email: info@pharmanais.com<\/p>\t\t\t\t\t\t<\/div>\n\t\t\t\t<\/div>\n\t\t\t\t\t<\/div>\n\t\t<\/div>\n\t\t\t\t\t\t\t<\/div>\n\t\t<\/section>\n\t\t\t\t\t\t\t<\/div>\n\t\t","protected":false},"excerpt":{"rendered":"<p>Proizvodi Essential Oils Hidrolati (cvetne vodice) Carrier oils, Butters and Waxes Plant Extracts About Us Quality Kontakt SRB ENG X About Us Pharmanais is a family company which produces as well as imports essential oils and other natural substances. It stands on tradition of three generations of our family and looks firmly into the future. [&hellip;]<\/p>\n","protected":false},"author":1,"featured_media":0,"parent":0,"menu_order":0,"comment_status":"closed","ping_status":"closed","template":"elementor_canvas","meta":{"footnotes":""},"class_list":["post-1381","page","type-page","status-publish","hentry"],"_links":{"self":[{"href":"https:\/\/pharmanais.com\/sr\/wp-json\/wp\/v2\/pages\/1381","targetHints":{"allow":["GET"]}}],"collection":[{"href":"https:\/\/pharmanais.com\/sr\/wp-json\/wp\/v2\/pages"}],"about":[{"href":"https:\/\/pharmanais.com\/sr\/wp-json\/wp\/v2\/types\/page"}],"author":[{"embeddable":true,"href":"https:\/\/pharmanais.com\/sr\/wp-json\/wp\/v2\/users\/1"}],"replies":[{"embeddable":true,"href":"https:\/\/pharmanais.com\/sr\/wp-json\/wp\/v2\/comments?post=1381"}],"version-history":[{"count":68,"href":"https:\/\/pharmanais.com\/sr\/wp-json\/wp\/v2\/pages\/1381\/revisions"}],"predecessor-version":[{"id":2458,"href":"https:\/\/pharmanais.com\/sr\/wp-json\/wp\/v2\/pages\/1381\/revisions\/2458"}],"wp:attachment":[{"href":"https:\/\/pharmanais.com\/sr\/wp-json\/wp\/v2\/media?parent=1381"}],"curies":[{"name":"wp","href":"https:\/\/api.w.org\/{rel}","templated":true}]}}