{"id":1298,"date":"2022-04-28T19:17:45","date_gmt":"2022-04-28T19:17:45","guid":{"rendered":"https:\/\/pharmanais.com\/sr\/essential-oils\/"},"modified":"2022-12-22T12:35:39","modified_gmt":"2022-12-22T12:35:39","slug":"etericna-ulja","status":"publish","type":"page","link":"https:\/\/pharmanais.com\/sr\/etericna-ulja\/","title":{"rendered":"Eteri\u010dna ulja"},"content":{"rendered":"\t\t<div data-elementor-type=\"wp-page\" data-elementor-id=\"1298\" class=\"elementor elementor-1298\">\n\t\t\t\t\t\t\t\t\t<section class=\"elementor-section elementor-top-section elementor-element elementor-element-6fa553cc elementor-section-boxed elementor-section-height-default elementor-section-height-default\" data-id=\"6fa553cc\" data-element_type=\"section\">\n\t\t\t\t\t\t<div class=\"elementor-container elementor-column-gap-default\">\n\t\t\t\t\t<div class=\"elementor-column elementor-col-100 elementor-top-column elementor-element elementor-element-36465b70\" data-id=\"36465b70\" data-element_type=\"column\">\n\t\t\t<div class=\"elementor-widget-wrap elementor-element-populated\">\n\t\t\t\t\t\t\t\t<section class=\"elementor-section elementor-inner-section elementor-element elementor-element-53bcfeb8 elementor-section-boxed elementor-section-height-default elementor-section-height-default\" data-id=\"53bcfeb8\" data-element_type=\"section\">\n\t\t\t\t\t\t<div class=\"elementor-container elementor-column-gap-default\">\n\t\t\t\t\t<div class=\"elementor-column elementor-col-50 elementor-inner-column elementor-element elementor-element-74b7ce7f\" data-id=\"74b7ce7f\" data-element_type=\"column\">\n\t\t\t<div class=\"elementor-widget-wrap elementor-element-populated\">\n\t\t\t\t\t\t\t\t<div class=\"elementor-element elementor-element-11e959f6 elementor-widget elementor-widget-image\" data-id=\"11e959f6\" data-element_type=\"widget\" data-widget_type=\"image.default\">\n\t\t\t\t<div class=\"elementor-widget-container\">\n\t\t\t<style>\/*! elementor - v3.6.5 - 27-04-2022 *\/\n.elementor-widget-image{text-align:center}.elementor-widget-image a{display:inline-block}.elementor-widget-image a img[src$=\".svg\"]{width:48px}.elementor-widget-image img{vertical-align:middle;display:inline-block}<\/style>\t\t\t\t\t\t\t\t\t\t\t\t\t<a href=\"https:\/\/pharmanais.com\/sr\/\">\n\t\t\t\t\t\t\t<img loading=\"lazy\" decoding=\"async\" width=\"350\" height=\"88\" src=\"https:\/\/pharmanais.com\/wp-content\/uploads\/2022\/04\/logo-pharmanais.png\" class=\"attachment-full size-full\" alt=\"\" srcset=\"https:\/\/pharmanais.com\/wp-content\/uploads\/2022\/04\/logo-pharmanais.png 350w, https:\/\/pharmanais.com\/wp-content\/uploads\/2022\/04\/logo-pharmanais-300x75.png 300w\" sizes=\"auto, (max-width: 350px) 100vw, 350px\" \/>\t\t\t\t\t\t\t\t<\/a>\n\t\t\t\t\t\t\t\t\t\t\t\t\t\t\t<\/div>\n\t\t\t\t<\/div>\n\t\t\t\t\t<\/div>\n\t\t<\/div>\n\t\t\t\t<div class=\"elementor-column elementor-col-50 elementor-inner-column elementor-element elementor-element-7effb9f0\" data-id=\"7effb9f0\" data-element_type=\"column\">\n\t\t\t<div class=\"elementor-widget-wrap elementor-element-populated\">\n\t\t\t\t\t\t\t\t<div class=\"elementor-element elementor-element-295dd05f elementor-widget__width-inherit elementor-widget elementor-widget-ekit-nav-menu\" data-id=\"295dd05f\" data-element_type=\"widget\" data-widget_type=\"ekit-nav-menu.default\">\n\t\t\t\t<div class=\"elementor-widget-container\">\n\t\t\t<div class=\"ekit-wid-con ekit_menu_responsive_tablet\" data-hamburger-icon=\"\" data-hamburger-icon-type=\"icon\" data-responsive-breakpoint=\"1024\">            <button class=\"elementskit-menu-hamburger elementskit-menu-toggler\">\n                                    <span class=\"elementskit-menu-hamburger-icon\"><\/span><span class=\"elementskit-menu-hamburger-icon\"><\/span><span class=\"elementskit-menu-hamburger-icon\"><\/span>\n                            <\/button>\n            <div id=\"ekit-megamenu-main-menu-neg\" class=\"elementskit-menu-container elementskit-menu-offcanvas-elements elementskit-navbar-nav-default elementskit_line_arrow ekit-nav-menu-one-page-no ekit-nav-dropdown-hover\"><ul id=\"menu-glavni-menu-srb\" class=\"elementskit-navbar-nav elementskit-menu-po-right submenu-click-on-icon\"><li id=\"menu-item-1405\" class=\"menu-item menu-item-type-custom menu-item-object-custom menu-item-has-children menu-item-1405 nav-item elementskit-dropdown-has relative_position elementskit-dropdown-menu-default_width elementskit-mobile-builder-content\" data-vertical-menu=750px><a href=\"#\" class=\"ekit-menu-nav-link ekit-menu-dropdown-toggle\">Proizvodi<i class=\"icon icon-down-arrow1 elementskit-submenu-indicator\"><\/i><\/a>\n<ul class=\"elementskit-dropdown elementskit-submenu-panel\">\n\t<li id=\"menu-item-1401\" class=\"menu-item menu-item-type-post_type menu-item-object-page menu-item-1401 nav-item elementskit-mobile-builder-content\" data-vertical-menu=750px><a href=\"https:\/\/pharmanais.com\/sr\/etericna-ulja\/\" class=\" dropdown-item\">Eteri\u010dna ulja<\/a>\t<li id=\"menu-item-1402\" class=\"menu-item menu-item-type-post_type menu-item-object-page menu-item-1402 nav-item elementskit-mobile-builder-content\" data-vertical-menu=750px><a href=\"https:\/\/pharmanais.com\/sr\/hidrolati\/\" class=\" dropdown-item\">Hidrolati (cvetne vodice)<\/a>\t<li id=\"menu-item-1398\" class=\"menu-item menu-item-type-post_type menu-item-object-page menu-item-1398 nav-item elementskit-mobile-builder-content\" data-vertical-menu=750px><a href=\"https:\/\/pharmanais.com\/sr\/biljna-ulja-puteri-i-voskovi\/\" class=\" dropdown-item\">Biljna ulja, puteri i voskovi<\/a>\t<li id=\"menu-item-1399\" class=\"menu-item menu-item-type-post_type menu-item-object-page menu-item-1399 nav-item elementskit-mobile-builder-content\" data-vertical-menu=750px><a href=\"https:\/\/pharmanais.com\/sr\/ekstrakti-biljaka\/\" class=\" dropdown-item\">Ekstrakti biljaka<\/a><\/ul>\n<\/li>\n<li id=\"menu-item-1400\" class=\"menu-item menu-item-type-post_type menu-item-object-page menu-item-1400 nav-item elementskit-mobile-builder-content\" data-vertical-menu=750px><a href=\"https:\/\/pharmanais.com\/sr\/o-nama\/\" class=\"ekit-menu-nav-link\">O nama<\/a><\/li>\n<li id=\"menu-item-1404\" class=\"menu-item menu-item-type-post_type menu-item-object-page menu-item-1404 nav-item elementskit-mobile-builder-content\" data-vertical-menu=750px><a href=\"https:\/\/pharmanais.com\/sr\/kvalitet\/\" class=\"ekit-menu-nav-link\">Kvalitet<\/a><\/li>\n<li id=\"menu-item-1403\" class=\"menu-item menu-item-type-post_type menu-item-object-page menu-item-1403 nav-item elementskit-mobile-builder-content\" data-vertical-menu=750px><a href=\"https:\/\/pharmanais.com\/sr\/kontakt\/\" class=\"ekit-menu-nav-link\">Kontakt<\/a><\/li>\n<li class=\"menu-item menu-item-language menu-item-language-current menu-item-has-children\"><a href=\"#\" onclick=\"return false\"><img loading=\"lazy\" decoding=\"async\" class=\"iclflag\" src=\"https:\/\/pharmanais.com\/wp-content\/plugins\/sitepress-multilingual-cms\/res\/flags\/sr.png\" width=\"18\" height=\"12\" alt=\"sr\" title=\"SRB\" \/>SRB<\/a><\/li><li class=\"menu-item menu-item-language\"><a href=\"https:\/\/pharmanais.com\/\"><img loading=\"lazy\" decoding=\"async\" class=\"iclflag\" src=\"https:\/\/pharmanais.com\/wp-content\/plugins\/sitepress-multilingual-cms\/res\/flags\/en.png\" width=\"18\" height=\"12\" alt=\"en\" title=\"ENG\" \/>ENG<\/a><\/li><\/ul>\n\t\t\t\t<div class=\"elementskit-nav-identity-panel\">\n\t\t\t\t\t<div class=\"elementskit-site-title\">\n\t\t\t\t\t\t<a class=\"elementskit-nav-logo\" href=\"https:\/\/pharmanais.com\/sr\" target=\"_self\" rel=\"\">\n                            <img decoding=\"async\" src=\"\" title=\"\" alt=\"\" \/>\n\t\t\t\t\t\t<\/a> \n\t\t\t\t\t<\/div>\n\t\t\t\t\t<button class=\"elementskit-menu-close elementskit-menu-toggler\" type=\"button\">X<\/button>\n\t\t\t\t<\/div>\n\t\t\t<\/div><div class=\"elementskit-menu-overlay elementskit-menu-offcanvas-elements elementskit-menu-toggler ekit-nav-menu--overlay\"><\/div><\/div>\t\t<\/div>\n\t\t\t\t<\/div>\n\t\t\t\t\t<\/div>\n\t\t<\/div>\n\t\t\t\t\t\t\t<\/div>\n\t\t<\/section>\n\t\t\t\t\t<\/div>\n\t\t<\/div>\n\t\t\t\t\t\t\t<\/div>\n\t\t<\/section>\n\t\t\t\t<section class=\"elementor-section elementor-top-section elementor-element elementor-element-5b9760a8 elementor-section-height-min-height elementor-section-content-top elementor-section-boxed elementor-section-height-default elementor-section-items-middle\" data-id=\"5b9760a8\" data-element_type=\"section\" data-settings=\"{&quot;background_background&quot;:&quot;slideshow&quot;,&quot;background_slideshow_gallery&quot;:[{&quot;id&quot;:227,&quot;url&quot;:&quot;https:\\\/\\\/pharmanais.com\\\/wp-content\\\/uploads\\\/2022\\\/05\\\/essential_oils_photo.jpeg&quot;}],&quot;background_slideshow_slide_duration&quot;:3000,&quot;background_slideshow_loop&quot;:&quot;yes&quot;,&quot;background_slideshow_slide_transition&quot;:&quot;fade&quot;,&quot;background_slideshow_transition_duration&quot;:500}\">\n\t\t\t\t\t\t<div class=\"elementor-container elementor-column-gap-no\">\n\t\t\t\t\t<div class=\"elementor-column elementor-col-100 elementor-top-column elementor-element elementor-element-39aa8227\" data-id=\"39aa8227\" data-element_type=\"column\">\n\t\t\t<div class=\"elementor-widget-wrap elementor-element-populated\">\n\t\t\t\t\t\t\t\t<div class=\"elementor-element elementor-element-5ae3bf16 elementor-widget elementor-widget-heading\" data-id=\"5ae3bf16\" data-element_type=\"widget\" data-widget_type=\"heading.default\">\n\t\t\t\t<div class=\"elementor-widget-container\">\n\t\t\t<style>\/*! elementor - v3.6.5 - 27-04-2022 *\/\n.elementor-heading-title{padding:0;margin:0;line-height:1}.elementor-widget-heading .elementor-heading-title[class*=elementor-size-]>a{color:inherit;font-size:inherit;line-height:inherit}.elementor-widget-heading .elementor-heading-title.elementor-size-small{font-size:15px}.elementor-widget-heading .elementor-heading-title.elementor-size-medium{font-size:19px}.elementor-widget-heading .elementor-heading-title.elementor-size-large{font-size:29px}.elementor-widget-heading .elementor-heading-title.elementor-size-xl{font-size:39px}.elementor-widget-heading .elementor-heading-title.elementor-size-xxl{font-size:59px}<\/style><h1 class=\"elementor-heading-title elementor-size-default\">Eteri\u010dna ulja<\/h1>\t\t<\/div>\n\t\t\t\t<\/div>\n\t\t\t\t\t<\/div>\n\t\t<\/div>\n\t\t\t\t\t\t\t<\/div>\n\t\t<\/section>\n\t\t\t\t<section class=\"elementor-section elementor-top-section elementor-element elementor-element-2183eae3 elementor-section-boxed elementor-section-height-default elementor-section-height-default\" data-id=\"2183eae3\" data-element_type=\"section\">\n\t\t\t\t\t\t<div class=\"elementor-container elementor-column-gap-default\">\n\t\t\t\t\t<div class=\"elementor-column elementor-col-100 elementor-top-column elementor-element elementor-element-27d8fe30\" data-id=\"27d8fe30\" data-element_type=\"column\">\n\t\t\t<div class=\"elementor-widget-wrap elementor-element-populated\">\n\t\t\t\t\t\t\t\t<div class=\"elementor-element elementor-element-5b59ef8a elementor-widget elementor-widget-text-editor\" data-id=\"5b59ef8a\" data-element_type=\"widget\" data-widget_type=\"text-editor.default\">\n\t\t\t\t<div class=\"elementor-widget-container\">\n\t\t\t<style>\/*! elementor - v3.6.5 - 27-04-2022 *\/\n.elementor-widget-text-editor.elementor-drop-cap-view-stacked .elementor-drop-cap{background-color:#818a91;color:#fff}.elementor-widget-text-editor.elementor-drop-cap-view-framed .elementor-drop-cap{color:#818a91;border:3px solid;background-color:transparent}.elementor-widget-text-editor:not(.elementor-drop-cap-view-default) .elementor-drop-cap{margin-top:8px}.elementor-widget-text-editor:not(.elementor-drop-cap-view-default) .elementor-drop-cap-letter{width:1em;height:1em}.elementor-widget-text-editor .elementor-drop-cap{float:left;text-align:center;line-height:1;font-size:50px}.elementor-widget-text-editor .elementor-drop-cap-letter{display:inline-block}<\/style>\t\t\t\t<p><i><span style=\"font-weight: 400;\">Mo\u017eete odabrati izme\u0111u vi\u0161e od 100 razli\u010ditih prirodnih eteri\u010dnih ulja poreklom iz celog sveta. Svaka isporuka uklju\u010duje svu potrebnu dokumentaciju o kvalitetu na\u0161ih proizvoda (COA, MSDS, itd.).\u00a0<\/span><\/i><\/p>\t\t\t\t\t\t<\/div>\n\t\t\t\t<\/div>\n\t\t\t\t\t<\/div>\n\t\t<\/div>\n\t\t\t\t\t\t\t<\/div>\n\t\t<\/section>\n\t\t\t\t<section class=\"elementor-section elementor-top-section elementor-element elementor-element-3ed7d935 elementor-section-boxed elementor-section-height-default elementor-section-height-default\" data-id=\"3ed7d935\" data-element_type=\"section\">\n\t\t\t\t\t\t<div class=\"elementor-container elementor-column-gap-default\">\n\t\t\t\t\t<div class=\"elementor-column elementor-col-25 elementor-top-column elementor-element elementor-element-958a7a\" data-id=\"958a7a\" data-element_type=\"column\">\n\t\t\t<div class=\"elementor-widget-wrap elementor-element-populated\">\n\t\t\t\t\t\t\t\t<div class=\"elementor-element elementor-element-73169b7e elementor-position-top elementor-vertical-align-top elementor-widget elementor-widget-image-box\" data-id=\"73169b7e\" data-element_type=\"widget\" data-widget_type=\"image-box.default\">\n\t\t\t\t<div class=\"elementor-widget-container\">\n\t\t\t<style>\/*! elementor - v3.6.5 - 27-04-2022 *\/\n.elementor-widget-image-box .elementor-image-box-content{width:100%}@media (min-width:768px){.elementor-widget-image-box.elementor-position-left .elementor-image-box-wrapper,.elementor-widget-image-box.elementor-position-right .elementor-image-box-wrapper{display:-webkit-box;display:-ms-flexbox;display:flex}.elementor-widget-image-box.elementor-position-right .elementor-image-box-wrapper{text-align:right;-webkit-box-orient:horizontal;-webkit-box-direction:reverse;-ms-flex-direction:row-reverse;flex-direction:row-reverse}.elementor-widget-image-box.elementor-position-left .elementor-image-box-wrapper{text-align:left;-webkit-box-orient:horizontal;-webkit-box-direction:normal;-ms-flex-direction:row;flex-direction:row}.elementor-widget-image-box.elementor-position-top .elementor-image-box-img{margin:auto}.elementor-widget-image-box.elementor-vertical-align-top .elementor-image-box-wrapper{-webkit-box-align:start;-ms-flex-align:start;align-items:flex-start}.elementor-widget-image-box.elementor-vertical-align-middle .elementor-image-box-wrapper{-webkit-box-align:center;-ms-flex-align:center;align-items:center}.elementor-widget-image-box.elementor-vertical-align-bottom .elementor-image-box-wrapper{-webkit-box-align:end;-ms-flex-align:end;align-items:flex-end}}@media (max-width:767px){.elementor-widget-image-box .elementor-image-box-img{margin-left:auto!important;margin-right:auto!important;margin-bottom:15px}}.elementor-widget-image-box .elementor-image-box-img{display:inline-block}.elementor-widget-image-box .elementor-image-box-title a{color:inherit}.elementor-widget-image-box .elementor-image-box-wrapper{text-align:center}.elementor-widget-image-box .elementor-image-box-description{margin:0}<\/style><div class=\"elementor-image-box-wrapper\"><figure class=\"elementor-image-box-img\"><a href=\"https:\/\/pharmanais.com\/sr\/essentially-oils-from-a-to-d\/\"><img loading=\"lazy\" decoding=\"async\" width=\"248\" height=\"232\" src=\"https:\/\/pharmanais.com\/wp-content\/uploads\/2022\/11\/pharmanais-pakovanje.png\" class=\"attachment-1536x1536 size-1536x1536\" alt=\"\" \/><\/a><\/figure><div class=\"elementor-image-box-content\"><h2 class=\"elementor-image-box-title\"><a href=\"https:\/\/pharmanais.com\/sr\/essentially-oils-from-a-to-d\/\">Od A do D<\/a><\/h2><p class=\"elementor-image-box-description\">A \/ B \/ C \/ D<\/p><\/div><\/div>\t\t<\/div>\n\t\t\t\t<\/div>\n\t\t\t\t\t<\/div>\n\t\t<\/div>\n\t\t\t\t<div class=\"elementor-column elementor-col-25 elementor-top-column elementor-element elementor-element-40dcfb54\" data-id=\"40dcfb54\" data-element_type=\"column\">\n\t\t\t<div class=\"elementor-widget-wrap elementor-element-populated\">\n\t\t\t\t\t\t\t\t<div class=\"elementor-element elementor-element-772bd414 elementor-position-top elementor-vertical-align-top elementor-widget elementor-widget-image-box\" data-id=\"772bd414\" data-element_type=\"widget\" data-widget_type=\"image-box.default\">\n\t\t\t\t<div class=\"elementor-widget-container\">\n\t\t\t<div class=\"elementor-image-box-wrapper\"><figure class=\"elementor-image-box-img\"><a href=\"https:\/\/pharmanais.com\/sr\/essentially-oils-from-e-to-l\/\"><img loading=\"lazy\" decoding=\"async\" width=\"248\" height=\"232\" src=\"https:\/\/pharmanais.com\/wp-content\/uploads\/2022\/11\/pharmanais-pakovanje.png\" class=\"attachment-1536x1536 size-1536x1536\" alt=\"\" \/><\/a><\/figure><div class=\"elementor-image-box-content\"><h2 class=\"elementor-image-box-title\"><a href=\"https:\/\/pharmanais.com\/sr\/essentially-oils-from-e-to-l\/\">Od E do L<\/a><\/h2><p class=\"elementor-image-box-description\">E \/ F \/ G \/ H \/ I \/ J \/ K \/ L<\/p><\/div><\/div>\t\t<\/div>\n\t\t\t\t<\/div>\n\t\t\t\t\t<\/div>\n\t\t<\/div>\n\t\t\t\t<div class=\"elementor-column elementor-col-25 elementor-top-column elementor-element elementor-element-3b5616c\" data-id=\"3b5616c\" data-element_type=\"column\">\n\t\t\t<div class=\"elementor-widget-wrap elementor-element-populated\">\n\t\t\t\t\t\t\t\t<div class=\"elementor-element elementor-element-5123c607 elementor-position-top elementor-vertical-align-top elementor-widget elementor-widget-image-box\" data-id=\"5123c607\" data-element_type=\"widget\" data-widget_type=\"image-box.default\">\n\t\t\t\t<div class=\"elementor-widget-container\">\n\t\t\t<div class=\"elementor-image-box-wrapper\"><figure class=\"elementor-image-box-img\"><a href=\"https:\/\/pharmanais.com\/sr\/essentially-oils-from-m-to-p\/\"><img loading=\"lazy\" decoding=\"async\" width=\"248\" height=\"232\" src=\"https:\/\/pharmanais.com\/wp-content\/uploads\/2022\/11\/pharmanais-pakovanje.png\" class=\"attachment-1536x1536 size-1536x1536\" alt=\"\" \/><\/a><\/figure><div class=\"elementor-image-box-content\"><h2 class=\"elementor-image-box-title\"><a href=\"https:\/\/pharmanais.com\/sr\/essentially-oils-from-m-to-p\/\">Od M do P<\/a><\/h2><p class=\"elementor-image-box-description\">M \/ N \/ O \/ P<\/p><\/div><\/div>\t\t<\/div>\n\t\t\t\t<\/div>\n\t\t\t\t\t<\/div>\n\t\t<\/div>\n\t\t\t\t<div class=\"elementor-column elementor-col-25 elementor-top-column elementor-element elementor-element-75e9efd0\" data-id=\"75e9efd0\" data-element_type=\"column\">\n\t\t\t<div class=\"elementor-widget-wrap elementor-element-populated\">\n\t\t\t\t\t\t\t\t<div class=\"elementor-element elementor-element-4c62d57d elementor-position-top elementor-vertical-align-top elementor-widget elementor-widget-image-box\" data-id=\"4c62d57d\" data-element_type=\"widget\" data-widget_type=\"image-box.default\">\n\t\t\t\t<div class=\"elementor-widget-container\">\n\t\t\t<div class=\"elementor-image-box-wrapper\"><figure class=\"elementor-image-box-img\"><a href=\"https:\/\/pharmanais.com\/sr\/essentially-oils-from-r-to-z\/\"><img loading=\"lazy\" decoding=\"async\" width=\"248\" height=\"232\" src=\"https:\/\/pharmanais.com\/wp-content\/uploads\/2022\/11\/pharmanais-pakovanje.png\" class=\"attachment-1536x1536 size-1536x1536\" alt=\"\" \/><\/a><\/figure><div class=\"elementor-image-box-content\"><h2 class=\"elementor-image-box-title\"><a href=\"https:\/\/pharmanais.com\/sr\/essentially-oils-from-r-to-z\/\">Od R do Z<\/a><\/h2><p class=\"elementor-image-box-description\">R \/ S \/ T \/ U \/ V \/ W \/ Y \/ Z<\/p><\/div><\/div>\t\t<\/div>\n\t\t\t\t<\/div>\n\t\t\t\t\t<\/div>\n\t\t<\/div>\n\t\t\t\t\t\t\t<\/div>\n\t\t<\/section>\n\t\t\t\t<section class=\"elementor-section elementor-top-section elementor-element elementor-element-c92a96e elementor-section-boxed elementor-section-height-default elementor-section-height-default\" data-id=\"c92a96e\" data-element_type=\"section\" data-settings=\"{&quot;background_background&quot;:&quot;classic&quot;}\">\n\t\t\t\t\t\t<div class=\"elementor-container elementor-column-gap-default\">\n\t\t\t\t\t<div class=\"elementor-column elementor-col-33 elementor-top-column elementor-element elementor-element-64dada8\" data-id=\"64dada8\" data-element_type=\"column\">\n\t\t\t<div class=\"elementor-widget-wrap elementor-element-populated\">\n\t\t\t\t\t\t\t\t<div class=\"elementor-element elementor-element-1792f57 elementor-widget elementor-widget-heading\" data-id=\"1792f57\" data-element_type=\"widget\" data-widget_type=\"heading.default\">\n\t\t\t\t<div class=\"elementor-widget-container\">\n\t\t\t<h4 class=\"elementor-heading-title elementor-size-medium\"><a href=\"https:\/\/pharmanais.com\/sr\/etericna-ulja\/\">Eteri\u010dna ulja<\/a><\/h4>\t\t<\/div>\n\t\t\t\t<\/div>\n\t\t\t\t<div class=\"elementor-element elementor-element-546f504 elementor-widget elementor-widget-heading\" data-id=\"546f504\" data-element_type=\"widget\" data-widget_type=\"heading.default\">\n\t\t\t\t<div class=\"elementor-widget-container\">\n\t\t\t<h4 class=\"elementor-heading-title elementor-size-medium\"><a href=\"https:\/\/pharmanais.com\/sr\/hidrolati\/\">Hidrolati<\/a><\/h4>\t\t<\/div>\n\t\t\t\t<\/div>\n\t\t\t\t<div class=\"elementor-element elementor-element-f442b36 elementor-widget elementor-widget-heading\" data-id=\"f442b36\" data-element_type=\"widget\" data-widget_type=\"heading.default\">\n\t\t\t\t<div class=\"elementor-widget-container\">\n\t\t\t<h4 class=\"elementor-heading-title elementor-size-medium\"><a href=\"https:\/\/pharmanais.com\/sr\/biljna-ulja\/\">Biljna ulja, puteri i voskovi\u200b<\/a><\/h4>\t\t<\/div>\n\t\t\t\t<\/div>\n\t\t\t\t<div class=\"elementor-element elementor-element-9e65d67 elementor-widget elementor-widget-heading\" data-id=\"9e65d67\" data-element_type=\"widget\" data-widget_type=\"heading.default\">\n\t\t\t\t<div class=\"elementor-widget-container\">\n\t\t\t<h4 class=\"elementor-heading-title elementor-size-medium\"><a href=\"https:\/\/pharmanais.com\/sr\/ekstrakti-biljaka\/\">Ekstrakti biljaka<\/a><\/h4>\t\t<\/div>\n\t\t\t\t<\/div>\n\t\t\t\t<div class=\"elementor-element elementor-element-81db31d elementor-widget elementor-widget-heading\" data-id=\"81db31d\" data-element_type=\"widget\" data-widget_type=\"heading.default\">\n\t\t\t\t<div class=\"elementor-widget-container\">\n\t\t\t<h4 class=\"elementor-heading-title elementor-size-medium\"><a href=\"https:\/\/pharmanais.com\/sr\/kvalitet\/\">Kvalitet<\/a><\/h4>\t\t<\/div>\n\t\t\t\t<\/div>\n\t\t\t\t<div class=\"elementor-element elementor-element-e68edff elementor-widget elementor-widget-heading\" data-id=\"e68edff\" data-element_type=\"widget\" data-widget_type=\"heading.default\">\n\t\t\t\t<div class=\"elementor-widget-container\">\n\t\t\t<h4 class=\"elementor-heading-title elementor-size-medium\"><a href=\"https:\/\/pharmanais.com\/sr\/contact\/\">Kontakt<\/a><\/h4>\t\t<\/div>\n\t\t\t\t<\/div>\n\t\t\t\t\t<\/div>\n\t\t<\/div>\n\t\t\t\t<div class=\"elementor-column elementor-col-33 elementor-top-column elementor-element elementor-element-b2b7fda\" data-id=\"b2b7fda\" data-element_type=\"column\">\n\t\t\t<div class=\"elementor-widget-wrap elementor-element-populated\">\n\t\t\t\t\t\t\t\t<div class=\"elementor-element elementor-element-5672ba0 elementor-widget elementor-widget-spacer\" data-id=\"5672ba0\" data-element_type=\"widget\" data-widget_type=\"spacer.default\">\n\t\t\t\t<div class=\"elementor-widget-container\">\n\t\t\t<style>\/*! elementor - v3.6.5 - 27-04-2022 *\/\n.e-container.e-container--row .elementor-spacer-inner{width:var(--spacer-size)}.e-container.e-container--column .elementor-spacer-inner,.elementor-column .elementor-spacer-inner{height:var(--spacer-size)}<\/style>\t\t<div class=\"elementor-spacer\">\n\t\t\t<div class=\"elementor-spacer-inner\"><\/div>\n\t\t<\/div>\n\t\t\t\t<\/div>\n\t\t\t\t<\/div>\n\t\t\t\t\t<\/div>\n\t\t<\/div>\n\t\t\t\t<div class=\"elementor-column elementor-col-33 elementor-top-column elementor-element elementor-element-9a0f86f\" data-id=\"9a0f86f\" data-element_type=\"column\">\n\t\t\t<div class=\"elementor-widget-wrap elementor-element-populated\">\n\t\t\t\t\t\t\t\t<div class=\"elementor-element elementor-element-52cd533 elementor-widget elementor-widget-heading\" data-id=\"52cd533\" data-element_type=\"widget\" data-widget_type=\"heading.default\">\n\t\t\t\t<div class=\"elementor-widget-container\">\n\t\t\t<h4 class=\"elementor-heading-title elementor-size-medium\"><a href=\"https:\/\/pharmanais.com\/essential-oils\/\">Kontakt<\/a><\/h4>\t\t<\/div>\n\t\t\t\t<\/div>\n\t\t\t\t<div class=\"elementor-element elementor-element-fe82cc6 elementor-widget elementor-widget-text-editor\" data-id=\"fe82cc6\" data-element_type=\"widget\" data-widget_type=\"text-editor.default\">\n\t\t\t\t<div class=\"elementor-widget-container\">\n\t\t\t\t\t\t\t<p>Pharmanais doo<br \/>29 Novembar br 1<br \/>18 330 Babu\u0161nica<\/p><p>Vase \u010carapi\u0107a 84<br \/>18 000 Ni\u0161<br \/>Tel: +381 18 594 449<br \/>Mobilni: +381 64 2773 578<br \/>Email: info@pharmanais.com<\/p>\t\t\t\t\t\t<\/div>\n\t\t\t\t<\/div>\n\t\t\t\t\t<\/div>\n\t\t<\/div>\n\t\t\t\t\t\t\t<\/div>\n\t\t<\/section>\n\t\t\t\t\t\t\t<\/div>\n\t\t","protected":false},"excerpt":{"rendered":"<p>Proizvodi Essential Oils Hidrolati (cvetne vodice) Carrier oils, Butters and Waxes Plant Extracts About Us Quality Contact SRB ENG X Essential oils You can choose from more than 100 different natural essential oils originating around the world. Each delivery includes all the necessary documentation on quality of our products (COA, MSDS, etc.).\u00a0 From A to [&hellip;]<\/p>\n","protected":false},"author":1,"featured_media":0,"parent":0,"menu_order":0,"comment_status":"closed","ping_status":"closed","template":"elementor_canvas","meta":{"footnotes":""},"class_list":["post-1298","page","type-page","status-publish","hentry"],"_links":{"self":[{"href":"https:\/\/pharmanais.com\/sr\/wp-json\/wp\/v2\/pages\/1298","targetHints":{"allow":["GET"]}}],"collection":[{"href":"https:\/\/pharmanais.com\/sr\/wp-json\/wp\/v2\/pages"}],"about":[{"href":"https:\/\/pharmanais.com\/sr\/wp-json\/wp\/v2\/types\/page"}],"author":[{"embeddable":true,"href":"https:\/\/pharmanais.com\/sr\/wp-json\/wp\/v2\/users\/1"}],"replies":[{"embeddable":true,"href":"https:\/\/pharmanais.com\/sr\/wp-json\/wp\/v2\/comments?post=1298"}],"version-history":[{"count":56,"href":"https:\/\/pharmanais.com\/sr\/wp-json\/wp\/v2\/pages\/1298\/revisions"}],"predecessor-version":[{"id":2461,"href":"https:\/\/pharmanais.com\/sr\/wp-json\/wp\/v2\/pages\/1298\/revisions\/2461"}],"wp:attachment":[{"href":"https:\/\/pharmanais.com\/sr\/wp-json\/wp\/v2\/media?parent=1298"}],"curies":[{"name":"wp","href":"https:\/\/api.w.org\/{rel}","templated":true}]}}