{"id":1194,"date":"2022-04-28T08:01:24","date_gmt":"2022-04-28T08:01:24","guid":{"rendered":"https:\/\/pharmanais.com\/sr\/home\/"},"modified":"2022-12-12T21:19:55","modified_gmt":"2022-12-12T21:19:55","slug":"home","status":"publish","type":"page","link":"https:\/\/pharmanais.com\/sr\/","title":{"rendered":"Home"},"content":{"rendered":"\t\t<div data-elementor-type=\"wp-post\" data-elementor-id=\"1194\" class=\"elementor elementor-1194\">\n\t\t\t\t\t\t\t\t\t<section class=\"elementor-section elementor-top-section elementor-element elementor-element-22bfd054 elementor-section-boxed elementor-section-height-default elementor-section-height-default\" data-id=\"22bfd054\" data-element_type=\"section\">\n\t\t\t\t\t\t<div class=\"elementor-container elementor-column-gap-default\">\n\t\t\t\t\t<div class=\"elementor-column elementor-col-100 elementor-top-column elementor-element elementor-element-24b273f4\" data-id=\"24b273f4\" data-element_type=\"column\">\n\t\t\t<div class=\"elementor-widget-wrap elementor-element-populated\">\n\t\t\t\t\t\t\t\t<section class=\"elementor-section elementor-inner-section elementor-element elementor-element-75a86353 elementor-section-boxed elementor-section-height-default elementor-section-height-default\" data-id=\"75a86353\" data-element_type=\"section\">\n\t\t\t\t\t\t<div class=\"elementor-container elementor-column-gap-default\">\n\t\t\t\t\t<div class=\"elementor-column elementor-col-50 elementor-inner-column elementor-element elementor-element-3cb284f2\" data-id=\"3cb284f2\" data-element_type=\"column\">\n\t\t\t<div class=\"elementor-widget-wrap elementor-element-populated\">\n\t\t\t\t\t\t\t\t<div class=\"elementor-element elementor-element-d3868f1 elementor-widget elementor-widget-image\" data-id=\"d3868f1\" data-element_type=\"widget\" data-widget_type=\"image.default\">\n\t\t\t\t<div class=\"elementor-widget-container\">\n\t\t\t<style>\/*! elementor - v3.6.5 - 27-04-2022 *\/\n.elementor-widget-image{text-align:center}.elementor-widget-image a{display:inline-block}.elementor-widget-image a img[src$=\".svg\"]{width:48px}.elementor-widget-image img{vertical-align:middle;display:inline-block}<\/style>\t\t\t\t\t\t\t\t\t\t\t\t\t<a href=\"https:\/\/pharmanais.com\/\">\n\t\t\t\t\t\t\t<img loading=\"lazy\" decoding=\"async\" width=\"350\" height=\"88\" src=\"https:\/\/pharmanais.com\/wp-content\/uploads\/2022\/04\/logo-pharmanais.png\" class=\"attachment-full size-full\" alt=\"\" srcset=\"https:\/\/pharmanais.com\/wp-content\/uploads\/2022\/04\/logo-pharmanais.png 350w, https:\/\/pharmanais.com\/wp-content\/uploads\/2022\/04\/logo-pharmanais-300x75.png 300w\" sizes=\"auto, (max-width: 350px) 100vw, 350px\" \/>\t\t\t\t\t\t\t\t<\/a>\n\t\t\t\t\t\t\t\t\t\t\t\t\t\t\t<\/div>\n\t\t\t\t<\/div>\n\t\t\t\t\t<\/div>\n\t\t<\/div>\n\t\t\t\t<div class=\"elementor-column elementor-col-50 elementor-inner-column elementor-element elementor-element-85a71f7\" data-id=\"85a71f7\" data-element_type=\"column\">\n\t\t\t<div class=\"elementor-widget-wrap elementor-element-populated\">\n\t\t\t\t\t\t\t\t<div class=\"elementor-element elementor-element-19367f08 elementor-widget__width-inherit elementor-widget elementor-widget-ekit-nav-menu\" data-id=\"19367f08\" data-element_type=\"widget\" data-widget_type=\"ekit-nav-menu.default\">\n\t\t\t\t<div class=\"elementor-widget-container\">\n\t\t\t<div class=\"ekit-wid-con ekit_menu_responsive_tablet\" data-hamburger-icon=\"\" data-hamburger-icon-type=\"icon\" data-responsive-breakpoint=\"1024\">            <button class=\"elementskit-menu-hamburger elementskit-menu-toggler\">\n                                    <span class=\"elementskit-menu-hamburger-icon\"><\/span><span class=\"elementskit-menu-hamburger-icon\"><\/span><span class=\"elementskit-menu-hamburger-icon\"><\/span>\n                            <\/button>\n            <div id=\"ekit-megamenu-main-menu-neg\" class=\"elementskit-menu-container elementskit-menu-offcanvas-elements elementskit-navbar-nav-default elementskit_line_arrow ekit-nav-menu-one-page-no ekit-nav-dropdown-hover\"><ul id=\"menu-glavni-menu-srb\" class=\"elementskit-navbar-nav elementskit-menu-po-right submenu-click-on-icon\"><li id=\"menu-item-1405\" class=\"menu-item menu-item-type-custom menu-item-object-custom menu-item-has-children menu-item-1405 nav-item elementskit-dropdown-has relative_position elementskit-dropdown-menu-default_width elementskit-mobile-builder-content\" data-vertical-menu=750px><a href=\"#\" class=\"ekit-menu-nav-link ekit-menu-dropdown-toggle\">Proizvodi<i class=\"icon icon-down-arrow1 elementskit-submenu-indicator\"><\/i><\/a>\n<ul class=\"elementskit-dropdown elementskit-submenu-panel\">\n\t<li id=\"menu-item-1401\" class=\"menu-item menu-item-type-post_type menu-item-object-page menu-item-1401 nav-item elementskit-mobile-builder-content\" data-vertical-menu=750px><a href=\"https:\/\/pharmanais.com\/sr\/etericna-ulja\/\" class=\" dropdown-item\">Eteri\u010dna ulja<\/a>\t<li id=\"menu-item-1402\" class=\"menu-item menu-item-type-post_type menu-item-object-page menu-item-1402 nav-item elementskit-mobile-builder-content\" data-vertical-menu=750px><a href=\"https:\/\/pharmanais.com\/sr\/hidrolati\/\" class=\" dropdown-item\">Hidrolati (cvetne vodice)<\/a>\t<li id=\"menu-item-1398\" class=\"menu-item menu-item-type-post_type menu-item-object-page menu-item-1398 nav-item elementskit-mobile-builder-content\" data-vertical-menu=750px><a href=\"https:\/\/pharmanais.com\/sr\/biljna-ulja-puteri-i-voskovi\/\" class=\" dropdown-item\">Biljna ulja, puteri i voskovi<\/a>\t<li id=\"menu-item-1399\" class=\"menu-item menu-item-type-post_type menu-item-object-page menu-item-1399 nav-item elementskit-mobile-builder-content\" data-vertical-menu=750px><a href=\"https:\/\/pharmanais.com\/sr\/ekstrakti-biljaka\/\" class=\" dropdown-item\">Ekstrakti biljaka<\/a><\/ul>\n<\/li>\n<li id=\"menu-item-1400\" class=\"menu-item menu-item-type-post_type menu-item-object-page menu-item-1400 nav-item elementskit-mobile-builder-content\" data-vertical-menu=750px><a href=\"https:\/\/pharmanais.com\/sr\/o-nama\/\" class=\"ekit-menu-nav-link\">O nama<\/a><\/li>\n<li id=\"menu-item-1404\" class=\"menu-item menu-item-type-post_type menu-item-object-page menu-item-1404 nav-item elementskit-mobile-builder-content\" data-vertical-menu=750px><a href=\"https:\/\/pharmanais.com\/sr\/kvalitet\/\" class=\"ekit-menu-nav-link\">Kvalitet<\/a><\/li>\n<li id=\"menu-item-1403\" class=\"menu-item menu-item-type-post_type menu-item-object-page menu-item-1403 nav-item elementskit-mobile-builder-content\" data-vertical-menu=750px><a href=\"https:\/\/pharmanais.com\/sr\/kontakt\/\" class=\"ekit-menu-nav-link\">Kontakt<\/a><\/li>\n<li class=\"menu-item menu-item-language menu-item-language-current menu-item-has-children\"><a href=\"#\" onclick=\"return false\"><img loading=\"lazy\" decoding=\"async\" class=\"iclflag\" src=\"https:\/\/pharmanais.com\/wp-content\/plugins\/sitepress-multilingual-cms\/res\/flags\/sr.png\" width=\"18\" height=\"12\" alt=\"sr\" title=\"SRB\" \/>SRB<\/a><\/li><li class=\"menu-item menu-item-language\"><a href=\"https:\/\/pharmanais.com\/\"><img loading=\"lazy\" decoding=\"async\" class=\"iclflag\" src=\"https:\/\/pharmanais.com\/wp-content\/plugins\/sitepress-multilingual-cms\/res\/flags\/en.png\" width=\"18\" height=\"12\" alt=\"en\" title=\"ENG\" \/>ENG<\/a><\/li><\/ul>\n\t\t\t\t<div class=\"elementskit-nav-identity-panel\">\n\t\t\t\t\t<div class=\"elementskit-site-title\">\n\t\t\t\t\t\t<a class=\"elementskit-nav-logo\" href=\"https:\/\/pharmanais.com\/sr\" target=\"_self\" rel=\"\">\n                            <img decoding=\"async\" src=\"\" title=\"\" alt=\"\" \/>\n\t\t\t\t\t\t<\/a> \n\t\t\t\t\t<\/div>\n\t\t\t\t\t<button class=\"elementskit-menu-close elementskit-menu-toggler\" type=\"button\">X<\/button>\n\t\t\t\t<\/div>\n\t\t\t<\/div><div class=\"elementskit-menu-overlay elementskit-menu-offcanvas-elements elementskit-menu-toggler ekit-nav-menu--overlay\"><\/div><\/div>\t\t<\/div>\n\t\t\t\t<\/div>\n\t\t\t\t\t<\/div>\n\t\t<\/div>\n\t\t\t\t\t\t\t<\/div>\n\t\t<\/section>\n\t\t\t\t\t<\/div>\n\t\t<\/div>\n\t\t\t\t\t\t\t<\/div>\n\t\t<\/section>\n\t\t\t\t<section class=\"elementor-section elementor-top-section elementor-element elementor-element-3994eeb4 elementor-section-full_width elementor-section-height-min-height elementor-section-content-top elementor-section-height-default elementor-section-items-middle\" data-id=\"3994eeb4\" data-element_type=\"section\" data-settings=\"{&quot;background_background&quot;:&quot;slideshow&quot;,&quot;background_slideshow_gallery&quot;:[{&quot;id&quot;:58,&quot;url&quot;:&quot;https:\\\/\\\/pharmanais.com\\\/wp-content\\\/uploads\\\/2022\\\/04\\\/Slider_photo_I.jpeg&quot;},{&quot;id&quot;:59,&quot;url&quot;:&quot;https:\\\/\\\/pharmanais.com\\\/wp-content\\\/uploads\\\/2022\\\/04\\\/Slider_photo_II.jpeg&quot;},{&quot;id&quot;:60,&quot;url&quot;:&quot;https:\\\/\\\/pharmanais.com\\\/wp-content\\\/uploads\\\/2022\\\/04\\\/Slider_photo_III.jpeg&quot;}],&quot;background_slideshow_slide_duration&quot;:3000,&quot;background_slideshow_loop&quot;:&quot;yes&quot;,&quot;background_slideshow_slide_transition&quot;:&quot;fade&quot;,&quot;background_slideshow_transition_duration&quot;:500}\">\n\t\t\t\t\t\t<div class=\"elementor-container elementor-column-gap-no\">\n\t\t\t\t\t<div class=\"elementor-column elementor-col-100 elementor-top-column elementor-element elementor-element-4be8bbf0\" data-id=\"4be8bbf0\" data-element_type=\"column\">\n\t\t\t<div class=\"elementor-widget-wrap\">\n\t\t\t\t\t\t\t\t\t<\/div>\n\t\t<\/div>\n\t\t\t\t\t\t\t<\/div>\n\t\t<\/section>\n\t\t\t\t<section class=\"elementor-section elementor-top-section elementor-element elementor-element-79e96769 elementor-section-boxed elementor-section-height-default elementor-section-height-default\" data-id=\"79e96769\" data-element_type=\"section\">\n\t\t\t\t\t\t<div class=\"elementor-container elementor-column-gap-default\">\n\t\t\t\t\t<div class=\"elementor-column elementor-col-25 elementor-top-column elementor-element elementor-element-78df9093\" data-id=\"78df9093\" data-element_type=\"column\">\n\t\t\t<div class=\"elementor-widget-wrap elementor-element-populated\">\n\t\t\t\t\t\t\t\t<div class=\"elementor-element elementor-element-5af3df6e elementor-position-top elementor-vertical-align-top elementor-widget elementor-widget-image-box\" data-id=\"5af3df6e\" data-element_type=\"widget\" data-widget_type=\"image-box.default\">\n\t\t\t\t<div class=\"elementor-widget-container\">\n\t\t\t<style>\/*! elementor - v3.6.5 - 27-04-2022 *\/\n.elementor-widget-image-box .elementor-image-box-content{width:100%}@media (min-width:768px){.elementor-widget-image-box.elementor-position-left .elementor-image-box-wrapper,.elementor-widget-image-box.elementor-position-right .elementor-image-box-wrapper{display:-webkit-box;display:-ms-flexbox;display:flex}.elementor-widget-image-box.elementor-position-right .elementor-image-box-wrapper{text-align:right;-webkit-box-orient:horizontal;-webkit-box-direction:reverse;-ms-flex-direction:row-reverse;flex-direction:row-reverse}.elementor-widget-image-box.elementor-position-left .elementor-image-box-wrapper{text-align:left;-webkit-box-orient:horizontal;-webkit-box-direction:normal;-ms-flex-direction:row;flex-direction:row}.elementor-widget-image-box.elementor-position-top .elementor-image-box-img{margin:auto}.elementor-widget-image-box.elementor-vertical-align-top .elementor-image-box-wrapper{-webkit-box-align:start;-ms-flex-align:start;align-items:flex-start}.elementor-widget-image-box.elementor-vertical-align-middle .elementor-image-box-wrapper{-webkit-box-align:center;-ms-flex-align:center;align-items:center}.elementor-widget-image-box.elementor-vertical-align-bottom .elementor-image-box-wrapper{-webkit-box-align:end;-ms-flex-align:end;align-items:flex-end}}@media (max-width:767px){.elementor-widget-image-box .elementor-image-box-img{margin-left:auto!important;margin-right:auto!important;margin-bottom:15px}}.elementor-widget-image-box .elementor-image-box-img{display:inline-block}.elementor-widget-image-box .elementor-image-box-title a{color:inherit}.elementor-widget-image-box .elementor-image-box-wrapper{text-align:center}.elementor-widget-image-box .elementor-image-box-description{margin:0}<\/style><div class=\"elementor-image-box-wrapper\"><figure class=\"elementor-image-box-img\"><a href=\"https:\/\/pharmanais.com\/essential-oils\/\"><img loading=\"lazy\" decoding=\"async\" width=\"376\" height=\"545\" src=\"https:\/\/pharmanais.com\/wp-content\/uploads\/2022\/04\/Icon_oil.png\" class=\"attachment-full size-full\" alt=\"\" \/><\/a><\/figure><div class=\"elementor-image-box-content\"><h3 class=\"elementor-image-box-title\"><a href=\"https:\/\/pharmanais.com\/essential-oils\/\">ETERI\u010cNA ULJA<\/a><\/h3><p class=\"elementor-image-box-description\">Izaberite izme\u0111u vi\u0161e od 100 eteri\u010dnih ulja.\n<br>\n<br>\nUlja proizvodimo u na\u0161im proizvodnim pogonima ili nabavljamo od na\u0161ih pouzdanih partnera \u0161irom sveta.<\/p><\/div><\/div>\t\t<\/div>\n\t\t\t\t<\/div>\n\t\t\t\t\t<\/div>\n\t\t<\/div>\n\t\t\t\t<div class=\"elementor-column elementor-col-25 elementor-top-column elementor-element elementor-element-11667f8a\" data-id=\"11667f8a\" data-element_type=\"column\">\n\t\t\t<div class=\"elementor-widget-wrap elementor-element-populated\">\n\t\t\t\t\t\t\t\t<div class=\"elementor-element elementor-element-26b1da81 elementor-position-top elementor-vertical-align-top elementor-widget elementor-widget-image-box\" data-id=\"26b1da81\" data-element_type=\"widget\" data-widget_type=\"image-box.default\">\n\t\t\t\t<div class=\"elementor-widget-container\">\n\t\t\t<div class=\"elementor-image-box-wrapper\"><figure class=\"elementor-image-box-img\"><a href=\"https:\/\/pharmanais.com\/floral-waters\/\"><img loading=\"lazy\" decoding=\"async\" width=\"470\" height=\"515\" src=\"https:\/\/pharmanais.com\/wp-content\/uploads\/2022\/04\/Icon_flower.png\" class=\"attachment-full size-full\" alt=\"\" \/><\/a><\/figure><div class=\"elementor-image-box-content\"><h3 class=\"elementor-image-box-title\"><a href=\"https:\/\/pharmanais.com\/floral-waters\/\">HIDROLATI<\/a><\/h3><p class=\"elementor-image-box-description\">Hidrolati su dodatni proizvodi u procesu destilacije eteri\u010dnih ulja.\n<br>\n<br>\nU na\u0161em asortimanu imamo skoro 10 vrsta iz sopstvene proizvodnje u fabrikama u zemljama Zapadnog Balkana.<\/p><\/div><\/div>\t\t<\/div>\n\t\t\t\t<\/div>\n\t\t\t\t\t<\/div>\n\t\t<\/div>\n\t\t\t\t<div class=\"elementor-column elementor-col-25 elementor-top-column elementor-element elementor-element-740b374e\" data-id=\"740b374e\" data-element_type=\"column\">\n\t\t\t<div class=\"elementor-widget-wrap elementor-element-populated\">\n\t\t\t\t\t\t\t\t<div class=\"elementor-element elementor-element-74a8c6a3 elementor-position-top elementor-vertical-align-top elementor-widget elementor-widget-image-box\" data-id=\"74a8c6a3\" data-element_type=\"widget\" data-widget_type=\"image-box.default\">\n\t\t\t\t<div class=\"elementor-widget-container\">\n\t\t\t<div class=\"elementor-image-box-wrapper\"><figure class=\"elementor-image-box-img\"><img loading=\"lazy\" decoding=\"async\" width=\"533\" height=\"360\" src=\"https:\/\/pharmanais.com\/wp-content\/uploads\/2022\/04\/Icon_seeds.png\" class=\"attachment-full size-full\" alt=\"\" \/><\/figure><div class=\"elementor-image-box-content\"><h3 class=\"elementor-image-box-title\">BILJNA ULJA, <br>PUTERI I VOSKOVI<\/h3><p class=\"elementor-image-box-description\">Biljna ulja su proizvedena procesom hladnog ce\u0111enja delova biljaka              \n<br>\n<br>\nBiljna ulja, puteri i voskovi se mogu koristiti kao emolijensi u va\u0161im krajnjim proizvodima. Birajte izme\u0111u vi\u0161e od 20 proizvoda,\n<\/p><\/div><\/div>\t\t<\/div>\n\t\t\t\t<\/div>\n\t\t\t\t\t<\/div>\n\t\t<\/div>\n\t\t\t\t<div class=\"elementor-column elementor-col-25 elementor-top-column elementor-element elementor-element-54422a6c\" data-id=\"54422a6c\" data-element_type=\"column\">\n\t\t\t<div class=\"elementor-widget-wrap elementor-element-populated\">\n\t\t\t\t\t\t\t\t<div class=\"elementor-element elementor-element-11296aed elementor-position-top elementor-vertical-align-top elementor-widget elementor-widget-image-box\" data-id=\"11296aed\" data-element_type=\"widget\" data-widget_type=\"image-box.default\">\n\t\t\t\t<div class=\"elementor-widget-container\">\n\t\t\t<div class=\"elementor-image-box-wrapper\"><figure class=\"elementor-image-box-img\"><img loading=\"lazy\" decoding=\"async\" width=\"563\" height=\"314\" src=\"https:\/\/pharmanais.com\/wp-content\/uploads\/2022\/04\/Icon_leaves.png\" class=\"attachment-full size-full\" alt=\"\" \/><\/figure><div class=\"elementor-image-box-content\"><h3 class=\"elementor-image-box-title\">BILJNI EKSTRAKTI<\/h3><p class=\"elementor-image-box-description\">Proizvodimo i isporu\u010dujemo sve vrste te\u010dnih i suvih ekstrakata, na osnovu individualnih porud\u017ebina i specifikacija na\u0161ih kupaca.<\/p><\/div><\/div>\t\t<\/div>\n\t\t\t\t<\/div>\n\t\t\t\t\t<\/div>\n\t\t<\/div>\n\t\t\t\t\t\t\t<\/div>\n\t\t<\/section>\n\t\t\t\t<section class=\"elementor-section elementor-top-section elementor-element elementor-element-36b34b52 elementor-section-boxed elementor-section-height-default elementor-section-height-default\" data-id=\"36b34b52\" data-element_type=\"section\" data-settings=\"{&quot;background_background&quot;:&quot;classic&quot;}\">\n\t\t\t\t\t\t<div class=\"elementor-container elementor-column-gap-default\">\n\t\t\t\t\t<div class=\"elementor-column elementor-col-33 elementor-top-column elementor-element elementor-element-7daf76b\" data-id=\"7daf76b\" data-element_type=\"column\">\n\t\t\t<div class=\"elementor-widget-wrap elementor-element-populated\">\n\t\t\t\t\t\t\t\t<div class=\"elementor-element elementor-element-4e0d708 elementor-widget elementor-widget-heading\" data-id=\"4e0d708\" data-element_type=\"widget\" data-widget_type=\"heading.default\">\n\t\t\t\t<div class=\"elementor-widget-container\">\n\t\t\t<style>\/*! elementor - v3.6.5 - 27-04-2022 *\/\n.elementor-heading-title{padding:0;margin:0;line-height:1}.elementor-widget-heading .elementor-heading-title[class*=elementor-size-]>a{color:inherit;font-size:inherit;line-height:inherit}.elementor-widget-heading .elementor-heading-title.elementor-size-small{font-size:15px}.elementor-widget-heading .elementor-heading-title.elementor-size-medium{font-size:19px}.elementor-widget-heading .elementor-heading-title.elementor-size-large{font-size:29px}.elementor-widget-heading .elementor-heading-title.elementor-size-xl{font-size:39px}.elementor-widget-heading .elementor-heading-title.elementor-size-xxl{font-size:59px}<\/style><h4 class=\"elementor-heading-title elementor-size-medium\"><a href=\"https:\/\/pharmanais.com\/sr\/etericna-ulja\/\">Eteri\u010dna ulja<\/a><\/h4>\t\t<\/div>\n\t\t\t\t<\/div>\n\t\t\t\t<div class=\"elementor-element elementor-element-f70cc58 elementor-widget elementor-widget-heading\" data-id=\"f70cc58\" data-element_type=\"widget\" data-widget_type=\"heading.default\">\n\t\t\t\t<div class=\"elementor-widget-container\">\n\t\t\t<h4 class=\"elementor-heading-title elementor-size-medium\"><a href=\"https:\/\/pharmanais.com\/sr\/hidrolati\/\">Hidrolati<\/a><\/h4>\t\t<\/div>\n\t\t\t\t<\/div>\n\t\t\t\t<div class=\"elementor-element elementor-element-e9ef88a elementor-widget elementor-widget-heading\" data-id=\"e9ef88a\" data-element_type=\"widget\" data-widget_type=\"heading.default\">\n\t\t\t\t<div class=\"elementor-widget-container\">\n\t\t\t<h4 class=\"elementor-heading-title elementor-size-medium\"><a href=\"https:\/\/pharmanais.com\/sr\/biljna-ulja\/\">Biljna ulja, puteri i voskovi\u200b<\/a><\/h4>\t\t<\/div>\n\t\t\t\t<\/div>\n\t\t\t\t<div class=\"elementor-element elementor-element-7d1890c elementor-widget elementor-widget-heading\" data-id=\"7d1890c\" data-element_type=\"widget\" data-widget_type=\"heading.default\">\n\t\t\t\t<div class=\"elementor-widget-container\">\n\t\t\t<h4 class=\"elementor-heading-title elementor-size-medium\"><a href=\"https:\/\/pharmanais.com\/sr\/ekstrakti-biljaka\/\">Ekstrakti biljaka<\/a><\/h4>\t\t<\/div>\n\t\t\t\t<\/div>\n\t\t\t\t<div class=\"elementor-element elementor-element-19c9331 elementor-widget elementor-widget-heading\" data-id=\"19c9331\" data-element_type=\"widget\" data-widget_type=\"heading.default\">\n\t\t\t\t<div class=\"elementor-widget-container\">\n\t\t\t<h4 class=\"elementor-heading-title elementor-size-medium\"><a href=\"https:\/\/pharmanais.com\/sr\/kvalitet\/\">Kvalitet<\/a><\/h4>\t\t<\/div>\n\t\t\t\t<\/div>\n\t\t\t\t<div class=\"elementor-element elementor-element-34daa8a elementor-widget elementor-widget-heading\" data-id=\"34daa8a\" data-element_type=\"widget\" data-widget_type=\"heading.default\">\n\t\t\t\t<div class=\"elementor-widget-container\">\n\t\t\t<h4 class=\"elementor-heading-title elementor-size-medium\"><a href=\"https:\/\/pharmanais.com\/sr\/contact\/\">Kontakt<\/a><\/h4>\t\t<\/div>\n\t\t\t\t<\/div>\n\t\t\t\t\t<\/div>\n\t\t<\/div>\n\t\t\t\t<div class=\"elementor-column elementor-col-33 elementor-top-column elementor-element elementor-element-5e0e3bc3\" data-id=\"5e0e3bc3\" data-element_type=\"column\">\n\t\t\t<div class=\"elementor-widget-wrap elementor-element-populated\">\n\t\t\t\t\t\t\t\t<div class=\"elementor-element elementor-element-1f08c273 elementor-widget elementor-widget-spacer\" data-id=\"1f08c273\" data-element_type=\"widget\" data-widget_type=\"spacer.default\">\n\t\t\t\t<div class=\"elementor-widget-container\">\n\t\t\t<style>\/*! elementor - v3.6.5 - 27-04-2022 *\/\n.e-container.e-container--row .elementor-spacer-inner{width:var(--spacer-size)}.e-container.e-container--column .elementor-spacer-inner,.elementor-column .elementor-spacer-inner{height:var(--spacer-size)}<\/style>\t\t<div class=\"elementor-spacer\">\n\t\t\t<div class=\"elementor-spacer-inner\"><\/div>\n\t\t<\/div>\n\t\t\t\t<\/div>\n\t\t\t\t<\/div>\n\t\t\t\t\t<\/div>\n\t\t<\/div>\n\t\t\t\t<div class=\"elementor-column elementor-col-33 elementor-top-column elementor-element elementor-element-6813e1b6\" data-id=\"6813e1b6\" data-element_type=\"column\">\n\t\t\t<div class=\"elementor-widget-wrap elementor-element-populated\">\n\t\t\t\t\t\t\t\t<div class=\"elementor-element elementor-element-dcff015 elementor-widget elementor-widget-heading\" data-id=\"dcff015\" data-element_type=\"widget\" data-widget_type=\"heading.default\">\n\t\t\t\t<div class=\"elementor-widget-container\">\n\t\t\t<h4 class=\"elementor-heading-title elementor-size-medium\"><a href=\"https:\/\/pharmanais.com\/essential-oils\/\">Kontakt<\/a><\/h4>\t\t<\/div>\n\t\t\t\t<\/div>\n\t\t\t\t<div class=\"elementor-element elementor-element-d4912ee elementor-widget elementor-widget-text-editor\" data-id=\"d4912ee\" data-element_type=\"widget\" data-widget_type=\"text-editor.default\">\n\t\t\t\t<div class=\"elementor-widget-container\">\n\t\t\t<style>\/*! elementor - v3.6.5 - 27-04-2022 *\/\n.elementor-widget-text-editor.elementor-drop-cap-view-stacked .elementor-drop-cap{background-color:#818a91;color:#fff}.elementor-widget-text-editor.elementor-drop-cap-view-framed .elementor-drop-cap{color:#818a91;border:3px solid;background-color:transparent}.elementor-widget-text-editor:not(.elementor-drop-cap-view-default) .elementor-drop-cap{margin-top:8px}.elementor-widget-text-editor:not(.elementor-drop-cap-view-default) .elementor-drop-cap-letter{width:1em;height:1em}.elementor-widget-text-editor .elementor-drop-cap{float:left;text-align:center;line-height:1;font-size:50px}.elementor-widget-text-editor .elementor-drop-cap-letter{display:inline-block}<\/style>\t\t\t\t<p>Pharmanais doo<br \/>29 Novembar br 1<br \/>18 330 Babu\u0161nica<\/p><p>Vase \u010carapi\u0107a 84<br \/>18 000 Ni\u0161<br \/>Tel: +381 18 594 449<br \/>Mobilni: +381 64 2773 578<br \/>Email: info@pharmanais.com<\/p>\t\t\t\t\t\t<\/div>\n\t\t\t\t<\/div>\n\t\t\t\t\t<\/div>\n\t\t<\/div>\n\t\t\t\t\t\t\t<\/div>\n\t\t<\/section>\n\t\t\t\t\t\t\t<\/div>\n\t\t","protected":false},"excerpt":{"rendered":"<p>Proizvodi Essential Oils Hidrolati (cvetne vodice) Carrier oils, Butters and Waxes Plant Extracts O nama Quality Kontakt SRB ENG X ETERI\u010cNA ULJA Izaberite izme\u0111u vi\u0161e od 100 eteri\u010dnih ulja. Ulja proizvodimo u na\u0161im proizvodnim pogonima ili nabavljamo od na\u0161ih pouzdanih partnera \u0161irom sveta. HIDROLATI Hidrolati su dodatni proizvodi u procesu destilacije eteri\u010dnih ulja. U na\u0161em [&hellip;]<\/p>\n","protected":false},"author":1,"featured_media":0,"parent":0,"menu_order":0,"comment_status":"closed","ping_status":"closed","template":"elementor_canvas","meta":{"footnotes":""},"class_list":["post-1194","page","type-page","status-publish","hentry"],"_links":{"self":[{"href":"https:\/\/pharmanais.com\/sr\/wp-json\/wp\/v2\/pages\/1194","targetHints":{"allow":["GET"]}}],"collection":[{"href":"https:\/\/pharmanais.com\/sr\/wp-json\/wp\/v2\/pages"}],"about":[{"href":"https:\/\/pharmanais.com\/sr\/wp-json\/wp\/v2\/types\/page"}],"author":[{"embeddable":true,"href":"https:\/\/pharmanais.com\/sr\/wp-json\/wp\/v2\/users\/1"}],"replies":[{"embeddable":true,"href":"https:\/\/pharmanais.com\/sr\/wp-json\/wp\/v2\/comments?post=1194"}],"version-history":[{"count":81,"href":"https:\/\/pharmanais.com\/sr\/wp-json\/wp\/v2\/pages\/1194\/revisions"}],"predecessor-version":[{"id":2308,"href":"https:\/\/pharmanais.com\/sr\/wp-json\/wp\/v2\/pages\/1194\/revisions\/2308"}],"wp:attachment":[{"href":"https:\/\/pharmanais.com\/sr\/wp-json\/wp\/v2\/media?parent=1194"}],"curies":[{"name":"wp","href":"https:\/\/api.w.org\/{rel}","templated":true}]}}